{"id":3365,"date":"2026-04-05T17:00:56","date_gmt":"2026-04-05T17:00:56","guid":{"rendered":"https:\/\/platinumsecurity.ca\/?page_id=3365"},"modified":"2026-04-20T19:09:11","modified_gmt":"2026-04-20T19:09:11","slug":"carriere","status":"publish","type":"page","link":"https:\/\/platinumsecurity.ca\/en\/carriere\/","title":{"rendered":"CAREER"},"content":{"rendered":"<div data-elementor-type=\"wp-page\" data-elementor-id=\"3365\" class=\"elementor elementor-3365\">\n\t\t\t\t<div class=\"has_eae_slider elementor-element elementor-element-e089182 e-flex e-con-boxed e-con e-parent\" data-eae-slider=\"37122\" data-id=\"e089182\" data-element_type=\"container\" data-e-type=\"container\" data-settings=\"{&quot;background_background&quot;:&quot;classic&quot;}\">\n\t\t\t\t\t<div class=\"e-con-inner\">\n\t\t\t\t<div class=\"elementor-element elementor-element-a7f6fa2 elementor-widget elementor-widget-html\" data-id=\"a7f6fa2\" data-element_type=\"widget\" data-e-type=\"widget\" data-widget_type=\"html.default\">\n\t\t\t\t\t<section class=\"hero-career\">\r\n    <div class=\"hero-content\">\r\n        <h1 class=\"hero-title\">\r\n            <span class=\"text-white\">JOIN<\/span> \r\n            <span class=\"text-red\">THE TEAM<\/span>\r\n        <\/h1>\r\n        <p class=\"hero-subtitle\">Become a Platinum Security Agent<\/p>\r\n        <p class=\"hero-description\">\r\n            We are looking for professionals passionate about security. Send us your application with your BSP proof.\r\n        <\/p>\r\n    <\/div>\r\n<\/section>\r\n<style>\r\n    \/* =========================================\r\n   SECTION H\u00c9RO CARRI\u00c8RE (Fond Noir)\r\n   ========================================= *\/\r\n\r\n.hero-career {\r\n    background-color: #111111; \/* Fond tr\u00e8s sombre *\/\r\n    color: #ffffff;\r\n    padding: 100px 20px;\r\n    text-align: center;\r\n    display: flex;\r\n    justify-content: center;\r\n    align-items: center;\r\n    min-height: 500px;\r\n}\r\n\r\n.hero-content {\r\n    max-width: 800px;\r\n    width: 100%;\r\n}\r\n\r\n\/* =========================================\r\n   TITRE PRINCIPAL (Bi-couleur)\r\n   ========================================= *\/\r\n\r\n.hero-title {\r\n    font-family: 'Oswald', 'Arial Black', sans-serif; \/* Police grasse *\/\r\n    font-size: 64px;\r\n    font-weight: 900;\r\n    text-transform: uppercase;\r\n    margin-bottom: 20px;\r\n    line-height: 1.1;\r\n    letter-spacing: 2px;\r\n}\r\n\r\n\/* \"REJOIGNEZ\" en BLANC *\/\r\n.text-white {\r\n    color: #ffffff;\r\n}\r\n\r\n\/* \"L'\u00c9QUIPE\" en ROUGE *\/\r\n.text-red {\r\n    color: #C41E3A; \/* Rouge Platinum *\/\r\n}\r\n\r\n\/* =========================================\r\n   SOUS-TITRE & DESCRIPTION\r\n   ========================================= *\/\r\n\r\n.hero-subtitle {\r\n    font-size: 20px;\r\n    font-weight: 700;\r\n    letter-spacing: 1px;\r\n    margin-bottom: 15px;\r\n    opacity: 0.9;\r\n}\r\n\r\n.hero-description {\r\n    font-size: 16px;\r\n    color: #cccccc; \/* Gris clair pour le texte *\/\r\n    line-height: 1.6;\r\n    max-width: 600px;\r\n    margin: 0 auto;\r\n}\r\n\r\n\/* =========================================\r\n   RESPONSIVE (Mobile)\r\n   ========================================= *\/\r\n\r\n@media (max-width: 768px) {\r\n    .hero-career {\r\n        padding: 60px 20px;\r\n        min-height: 400px;\r\n    }\r\n\r\n    .hero-title {\r\n        font-size: 42px; \/* Plus petit sur mobile *\/\r\n    }\r\n\r\n    .hero-subtitle {\r\n        font-size: 16px;\r\n    }\r\n}\r\n<\/style>\t\t\t\t<\/div>\n\t\t\t\t\t<\/div>\n\t\t\t\t<\/div>\n\t\t<div class=\"has_eae_slider elementor-element elementor-element-5266993 e-flex e-con-boxed e-con e-parent\" data-eae-slider=\"90464\" data-id=\"5266993\" data-element_type=\"container\" data-e-type=\"container\">\n\t\t\t\t\t<div class=\"e-con-inner\">\n\t\t\t\t<div class=\"elementor-element elementor-element-fe4e0a0 form-carriere elementor-widget__width-initial elementor-widget elementor-widget-elementskit-contact-form7\" data-id=\"fe4e0a0\" data-element_type=\"widget\" data-e-type=\"widget\" data-widget_type=\"elementskit-contact-form7.default\">\n\t\t\t\t\t<div class=\"ekit-wid-con\" ><div class=\"ekit-form\">\n<div class=\"wpcf7 no-js\" id=\"wpcf7-f3997-p3365-o1\" lang=\"fr-FR\" dir=\"ltr\" data-wpcf7-id=\"3997\">\n<div class=\"screen-reader-response\"><p role=\"status\" aria-live=\"polite\" aria-atomic=\"true\"><\/p> <ul><\/ul><\/div>\n<form action=\"\/en\/carriere\/#wpcf7-f3997-p3365-o1\" method=\"post\" class=\"wpcf7-form init\" aria-label=\"Formulaire de contact\" enctype=\"multipart\/form-data\" novalidate=\"novalidate\" data-status=\"init\" data-trp-original-action=\"\/carriere\/#wpcf7-f3997-p3365-o1\">\n<fieldset class=\"hidden-fields-container\"><input type=\"hidden\" name=\"_wpcf7\" value=\"3997\" \/><input type=\"hidden\" name=\"_wpcf7_version\" value=\"6.1.5\" \/><input type=\"hidden\" name=\"_wpcf7_locale\" value=\"fr_FR\" \/><input type=\"hidden\" name=\"_wpcf7_unit_tag\" value=\"wpcf7-f3997-p3365-o1\" \/><input type=\"hidden\" name=\"_wpcf7_container_post\" value=\"3365\" \/><input type=\"hidden\" name=\"_wpcf7_posted_data_hash\" value=\"\" \/>\n<\/fieldset>\n<p><label> FULL NAME<br \/>\n<span class=\"wpcf7-form-control-wrap\" data-name=\"nom\"><input size=\"40\" maxlength=\"400\" class=\"wpcf7-form-control wpcf7-text wpcf7-validates-as-required\" autocomplete=\"name\" aria-required=\"true\" aria-invalid=\"false\" value=\"\" type=\"text\" name=\"nom\" \/><\/span> <\/label>\n<\/p>\n<p><label> FIRST NAME<br \/>\n<span class=\"wpcf7-form-control-wrap\" data-name=\"prenom\"><input size=\"40\" maxlength=\"400\" class=\"wpcf7-form-control wpcf7-text wpcf7-validates-as-required\" aria-required=\"true\" aria-invalid=\"false\" value=\"\" type=\"text\" name=\"prenom\" \/><\/span> <\/label>\n<\/p>\n<p><label> EMAIL *<br \/>\n<span class=\"wpcf7-form-control-wrap\" data-name=\"email\"><input size=\"40\" maxlength=\"400\" class=\"wpcf7-form-control wpcf7-email wpcf7-validates-as-required wpcf7-text wpcf7-validates-as-email\" autocomplete=\"email\" aria-required=\"true\" aria-invalid=\"false\" value=\"\" type=\"email\" name=\"email\" \/><\/span> <\/label>\n<\/p>\n<p><label> PHONE *<br \/>\n<span class=\"wpcf7-form-control-wrap\" data-name=\"tel\"><input size=\"40\" maxlength=\"400\" class=\"wpcf7-form-control wpcf7-tel wpcf7-validates-as-required wpcf7-text wpcf7-validates-as-tel\" aria-required=\"true\" aria-invalid=\"false\" value=\"\" type=\"tel\" name=\"tel\" \/><\/span> <\/label>\n<\/p>\n<p><label> MESSAGE<br \/>\n<span class=\"wpcf7-form-control-wrap\" data-name=\"message\"><textarea cols=\"40\" rows=\"10\" maxlength=\"2000\" class=\"wpcf7-form-control wpcf7-textarea\" aria-invalid=\"false\" name=\"message\"><\/textarea><\/span> <\/label>\n<\/p>\n<p><label> Upload scan of your BSP card or certificate<br \/>\n<span class=\"wpcf7-form-control-wrap\" data-name=\"bsp-proof\"><input size=\"40\" class=\"wpcf7-form-control wpcf7-file\" accept=\".pdf\" aria-invalid=\"false\" type=\"file\" name=\"bsp-proof\" \/><\/span> <\/label>\n<\/p>\n<p><input class=\"wpcf7-form-control wpcf7-submit has-spinner\" type=\"submit\" value=\"SUBMIT MY APPLICATION\" \/>\n<\/p><p style=\"display: none !important;\" class=\"akismet-fields-container\" data-prefix=\"_wpcf7_ak_\"><label>&#916;<textarea name=\"_wpcf7_ak_hp_textarea\" cols=\"45\" rows=\"8\" maxlength=\"100\"><\/textarea><\/label><input type=\"hidden\" id=\"ak_js_1\" name=\"_wpcf7_ak_js\" value=\"110\"\/><script>document.getElementById( \"ak_js_1\" ).setAttribute( \"value\", ( new Date() ).getTime() );<\/script><\/p><div class=\"wpcf7-response-output\" aria-hidden=\"true\"><\/div>\n<input type=\"hidden\" name=\"trp-form-language\" value=\"en\"\/><\/form>\n<\/div>\n<\/div><\/div>\t\t\t\t<\/div>\n\t\t\t\t\t<\/div>\n\t\t\t\t<\/div>\n\t\t\t\t<\/div>","protected":false},"excerpt":{"rendered":"<p>REJOIGNEZ L&rsquo;\u00c9QUIPE DEVENEZ AGENT DE S\u00c9CURIT\u00c9 PLATINUM Nous recherchons des professionnels passionn\u00e9s par la s\u00e9curit\u00e9. Envoyez-nous votre candidature avec votre preuve BSP. NAME * PR\u00c9NOM * EMAIL * PHONE * MESSAGE \/ DISPONIBILIT\u00c9 Joindre votre preuve BSP (PDF) &#916;<\/p>","protected":false},"author":1,"featured_media":0,"parent":0,"menu_order":0,"comment_status":"closed","ping_status":"closed","template":"","meta":{"_acf_changed":false,"footnotes":""},"class_list":["post-3365","page","type-page","status-publish","hentry"],"acf":[],"_links":{"self":[{"href":"https:\/\/platinumsecurity.ca\/en\/wp-json\/wp\/v2\/pages\/3365","targetHints":{"allow":["GET"]}}],"collection":[{"href":"https:\/\/platinumsecurity.ca\/en\/wp-json\/wp\/v2\/pages"}],"about":[{"href":"https:\/\/platinumsecurity.ca\/en\/wp-json\/wp\/v2\/types\/page"}],"author":[{"embeddable":true,"href":"https:\/\/platinumsecurity.ca\/en\/wp-json\/wp\/v2\/users\/1"}],"replies":[{"embeddable":true,"href":"https:\/\/platinumsecurity.ca\/en\/wp-json\/wp\/v2\/comments?post=3365"}],"version-history":[{"count":16,"href":"https:\/\/platinumsecurity.ca\/en\/wp-json\/wp\/v2\/pages\/3365\/revisions"}],"predecessor-version":[{"id":4085,"href":"https:\/\/platinumsecurity.ca\/en\/wp-json\/wp\/v2\/pages\/3365\/revisions\/4085"}],"wp:attachment":[{"href":"https:\/\/platinumsecurity.ca\/en\/wp-json\/wp\/v2\/media?parent=3365"}],"curies":[{"name":"wp","href":"https:\/\/api.w.org\/{rel}","templated":true}]}}